{"id":1624,"date":"2023-05-04T13:09:54","date_gmt":"2023-05-04T13:09:54","guid":{"rendered":"https:\/\/malloo.com.br\/atacado\/?page_id=1624"},"modified":"2024-11-30T15:22:52","modified_gmt":"2024-11-30T15:22:52","slug":"quem-somos","status":"publish","type":"page","link":"https:\/\/malloo.com.br\/atacado\/quem-somos\/","title":{"rendered":"Quem Somos"},"content":{"rendered":"\t\t<div data-elementor-type=\"wp-page\" data-elementor-id=\"1624\" class=\"elementor elementor-1624\" data-elementor-settings=\"{&quot;ha_cmc_init_switcher&quot;:&quot;no&quot;}\" data-elementor-post-type=\"page\">\n\t\t\t\t\t\t<section data-particle_enable=\"false\" data-particle-mobile-disabled=\"false\" class=\"elementor-section elementor-top-section elementor-element elementor-element-251a8dd4 elementor-section-boxed elementor-section-height-default elementor-section-height-default\" data-id=\"251a8dd4\" data-element_type=\"section\" data-settings=\"{&quot;jet_parallax_layout_list&quot;:[],&quot;_ha_eqh_enable&quot;:false}\">\n\t\t\t\t\t\t<div class=\"elementor-container elementor-column-gap-default\">\n\t\t\t\t\t<div class=\"elementor-column elementor-col-100 elementor-top-column elementor-element elementor-element-78bf6151\" data-id=\"78bf6151\" data-element_type=\"column\">\n\t\t\t<div class=\"elementor-widget-wrap elementor-element-populated\">\n\t\t\t\t\t\t<section data-particle_enable=\"false\" data-particle-mobile-disabled=\"false\" class=\"elementor-section elementor-inner-section elementor-element elementor-element-4a7c17b elementor-section-boxed elementor-section-height-default elementor-section-height-default\" data-id=\"4a7c17b\" data-element_type=\"section\" data-settings=\"{&quot;jet_parallax_layout_list&quot;:[],&quot;_ha_eqh_enable&quot;:false}\">\n\t\t\t\t\t\t<div class=\"elementor-container elementor-column-gap-default\">\n\t\t\t\t\t<div class=\"elementor-column elementor-col-100 elementor-inner-column elementor-element elementor-element-cd80e56\" data-id=\"cd80e56\" data-element_type=\"column\">\n\t\t\t<div class=\"elementor-widget-wrap elementor-element-populated\">\n\t\t\t\t\t\t<div class=\"elementor-element elementor-element-91c41f5 elementor-widget elementor-widget-heading\" data-id=\"91c41f5\" data-element_type=\"widget\" data-widget_type=\"heading.default\">\n\t\t\t\t<div class=\"elementor-widget-container\">\n\t\t\t\t\t<h2 class=\"elementor-heading-title elementor-size-default\">Oiiii, somos Malloo Ind. e Com. de Confec\u00e7\u00e3o Ltda...<\/h2>\t\t\t\t<\/div>\n\t\t\t\t<\/div>\n\t\t\t\t<div class=\"elementor-element elementor-element-011ebd4 elementor-widget__width-initial elementor-widget elementor-widget-text-editor\" data-id=\"011ebd4\" data-element_type=\"widget\" data-widget_type=\"text-editor.default\">\n\t\t\t\t<div class=\"elementor-widget-container\">\n\t\t\t\t\t\t\t\t\t<p>Conhecida como a F\u00e1brica Encantada, h\u00e1 10 anos no mercado PET, espalhamos em nosso dia a dia de Moda e Confec\u00e7\u00e3o alegria em fazer aquilo que realmente somos boas: tirar um sorriso Seu e desenvolver Moda Pet regada \u00e1 muito Glamour, brilho e Purrrrrrpurinaaaa!<br \/>Todos os dias abrimos a f\u00e1brica &#8211; popularmente conhecida como PINK HOUSE &#8211; para voc\u00ea entrar em nosso Mundo Cor de Rosa e participar do nosso dia a dia! Ent\u00e3o, seja BEM VINDA!!!!!<\/p>\t\t\t\t\t\t\t\t<\/div>\n\t\t\t\t<\/div>\n\t\t\t\t<div class=\"elementor-element elementor-element-23fd31d elementor-widget elementor-widget-image\" data-id=\"23fd31d\" data-element_type=\"widget\" data-widget_type=\"image.default\">\n\t\t\t\t<div class=\"elementor-widget-container\">\n\t\t\t\t\t\t\t\t\t\t\t\t\t\t\t<img fetchpriority=\"high\" decoding=\"async\" width=\"1024\" height=\"373\" src=\"https:\/\/malloo.com.br\/atacado\/wp-content\/uploads\/2023\/09\/image000013-1024x373.png\" class=\"attachment-large size-large wp-image-2107\" alt=\"\" srcset=\"https:\/\/malloo.com.br\/atacado\/wp-content\/uploads\/2023\/09\/image000013-1024x373.png 1024w, https:\/\/malloo.com.br\/atacado\/wp-content\/uploads\/2023\/09\/image000013-600x219.png 600w, https:\/\/malloo.com.br\/atacado\/wp-content\/uploads\/2023\/09\/image000013-300x109.png 300w, https:\/\/malloo.com.br\/atacado\/wp-content\/uploads\/2023\/09\/image000013-768x280.png 768w, https:\/\/malloo.com.br\/atacado\/wp-content\/uploads\/2023\/09\/image000013.png 1440w\" sizes=\"(max-width: 1024px) 100vw, 1024px\" \/>\t\t\t\t\t\t\t\t\t\t\t\t\t\t\t<\/div>\n\t\t\t\t<\/div>\n\t\t\t\t\t<\/div>\n\t\t<\/div>\n\t\t\t\t\t<\/div>\n\t\t<\/section>\n\t\t\t\t<section data-particle_enable=\"false\" data-particle-mobile-disabled=\"false\" class=\"elementor-section elementor-inner-section elementor-element elementor-element-aa58bf0 elementor-section-boxed elementor-section-height-default elementor-section-height-default\" data-id=\"aa58bf0\" data-element_type=\"section\" data-settings=\"{&quot;jet_parallax_layout_list&quot;:[],&quot;_ha_eqh_enable&quot;:false}\">\n\t\t\t\t\t\t<div class=\"elementor-container elementor-column-gap-default\">\n\t\t\t\t\t<div class=\"elementor-column elementor-col-100 elementor-inner-column elementor-element elementor-element-441979c\" data-id=\"441979c\" data-element_type=\"column\">\n\t\t\t<div class=\"elementor-widget-wrap elementor-element-populated\">\n\t\t\t\t\t\t<div class=\"elementor-element elementor-element-c5f90e7 elementor-widget elementor-widget-heading\" data-id=\"c5f90e7\" data-element_type=\"widget\" data-widget_type=\"heading.default\">\n\t\t\t\t<div class=\"elementor-widget-container\">\n\t\t\t\t\t<h2 class=\"elementor-heading-title elementor-size-default\">Processos de Cria\u00e7\u00e3o...<\/h2>\t\t\t\t<\/div>\n\t\t\t\t<\/div>\n\t\t\t\t<div class=\"elementor-element elementor-element-3ccbeda elementor-widget__width-initial elementor-widget elementor-widget-text-editor\" data-id=\"3ccbeda\" data-element_type=\"widget\" data-widget_type=\"text-editor.default\">\n\t\t\t\t<div class=\"elementor-widget-container\">\n\t\t\t\t\t\t\t\t\t<p>Mergulhadas em temas l\u00fadicos, a cada cole\u00e7\u00e3o trazemos a assinatura da estilista e CEO da Marca: Manaira Prado &#8211;\u00a0 com Design super diferenciado que faz parte de todos estes anos de KNOW-HOW\u00a0criando e inventando, fazendo com que as nossas pe\u00e7as sejam <br \/>RECONHECIDAS de longe!<\/p><p>A f\u00f3rmula m\u00e1gica fica por conta da uni\u00e3o de tecidos, adornos, cores e formas.<br \/>Com ajuda das m\u00e3os habilidosas das nossas fadinhas junto \u00e1 nossa equipe de desenvolvimento, nossas pe\u00e7as tornam-se mais exclusivas nos diferenciando como Marca aumentando nossa perce\u00e7\u00e3o de valor e status.<\/p>\t\t\t\t\t\t\t\t<\/div>\n\t\t\t\t<\/div>\n\t\t\t\t<div class=\"elementor-element elementor-element-b8a0ff8 elementor-widget elementor-widget-image\" data-id=\"b8a0ff8\" data-element_type=\"widget\" data-widget_type=\"image.default\">\n\t\t\t\t<div class=\"elementor-widget-container\">\n\t\t\t\t\t\t\t\t\t\t\t\t\t\t\t<img decoding=\"async\" width=\"1024\" height=\"373\" src=\"https:\/\/malloo.com.br\/atacado\/wp-content\/uploads\/2023\/09\/image000022-1024x373.png\" class=\"attachment-large size-large wp-image-2106\" alt=\"\" srcset=\"https:\/\/malloo.com.br\/atacado\/wp-content\/uploads\/2023\/09\/image000022-1024x373.png 1024w, https:\/\/malloo.com.br\/atacado\/wp-content\/uploads\/2023\/09\/image000022-600x219.png 600w, https:\/\/malloo.com.br\/atacado\/wp-content\/uploads\/2023\/09\/image000022-300x109.png 300w, https:\/\/malloo.com.br\/atacado\/wp-content\/uploads\/2023\/09\/image000022-768x280.png 768w, https:\/\/malloo.com.br\/atacado\/wp-content\/uploads\/2023\/09\/image000022.png 1440w\" sizes=\"(max-width: 1024px) 100vw, 1024px\" \/>\t\t\t\t\t\t\t\t\t\t\t\t\t\t\t<\/div>\n\t\t\t\t<\/div>\n\t\t\t\t\t<\/div>\n\t\t<\/div>\n\t\t\t\t\t<\/div>\n\t\t<\/section>\n\t\t\t\t<section data-particle_enable=\"false\" data-particle-mobile-disabled=\"false\" class=\"elementor-section elementor-inner-section elementor-element elementor-element-3b68221 elementor-section-boxed elementor-section-height-default elementor-section-height-default\" data-id=\"3b68221\" data-element_type=\"section\" data-settings=\"{&quot;jet_parallax_layout_list&quot;:[],&quot;_ha_eqh_enable&quot;:false}\">\n\t\t\t\t\t\t<div class=\"elementor-container elementor-column-gap-default\">\n\t\t\t\t\t<div class=\"elementor-column elementor-col-100 elementor-inner-column elementor-element elementor-element-ae23413\" data-id=\"ae23413\" data-element_type=\"column\">\n\t\t\t<div class=\"elementor-widget-wrap elementor-element-populated\">\n\t\t\t\t\t\t<div class=\"elementor-element elementor-element-de986b0 elementor-widget elementor-widget-heading\" data-id=\"de986b0\" data-element_type=\"widget\" data-widget_type=\"heading.default\">\n\t\t\t\t<div class=\"elementor-widget-container\">\n\t\t\t\t\t<h2 class=\"elementor-heading-title elementor-size-default\">Contruindo nossa hist\u00f3ria...<\/h2>\t\t\t\t<\/div>\n\t\t\t\t<\/div>\n\t\t\t\t<div class=\"elementor-element elementor-element-26caa96 elementor-widget__width-initial elementor-widget elementor-widget-text-editor\" data-id=\"26caa96\" data-element_type=\"widget\" data-widget_type=\"text-editor.default\">\n\t\t\t\t<div class=\"elementor-widget-container\">\n\t\t\t\t\t\t\t\t\t<p>Temos muito orgulho da marca que constru\u00edmos, da representatividade que ganhamos no mercado e n\u00e3o temos d\u00favida que estamos alcan\u00e7ando v\u00f4os cada vez mais altos todos os dias&#8230;<br \/>Nos vemos por a\u00ed&#8230;em uma de nossas aventuras! Au Revoir!<\/p>\t\t\t\t\t\t\t\t<\/div>\n\t\t\t\t<\/div>\n\t\t\t\t<div class=\"elementor-element elementor-element-f3cd9cf elementor-widget elementor-widget-image\" data-id=\"f3cd9cf\" data-element_type=\"widget\" data-widget_type=\"image.default\">\n\t\t\t\t<div class=\"elementor-widget-container\">\n\t\t\t\t\t\t\t\t\t\t\t\t\t\t\t<img decoding=\"async\" width=\"1024\" height=\"373\" src=\"https:\/\/malloo.com.br\/atacado\/wp-content\/uploads\/2023\/09\/image00003-1024x373.png\" class=\"attachment-large size-large wp-image-2108\" alt=\"\" srcset=\"https:\/\/malloo.com.br\/atacado\/wp-content\/uploads\/2023\/09\/image00003-1024x373.png 1024w, https:\/\/malloo.com.br\/atacado\/wp-content\/uploads\/2023\/09\/image00003-600x219.png 600w, https:\/\/malloo.com.br\/atacado\/wp-content\/uploads\/2023\/09\/image00003-300x109.png 300w, https:\/\/malloo.com.br\/atacado\/wp-content\/uploads\/2023\/09\/image00003-768x280.png 768w, https:\/\/malloo.com.br\/atacado\/wp-content\/uploads\/2023\/09\/image00003.png 1440w\" sizes=\"(max-width: 1024px) 100vw, 1024px\" \/>\t\t\t\t\t\t\t\t\t\t\t\t\t\t\t<\/div>\n\t\t\t\t<\/div>\n\t\t\t\t<div class=\"elementor-element elementor-element-2d70358 elementor-widget elementor-widget-heading\" data-id=\"2d70358\" data-element_type=\"widget\" data-widget_type=\"heading.default\">\n\t\t\t\t<div class=\"elementor-widget-container\">\n\t\t\t\t\t<h2 class=\"elementor-heading-title elementor-size-default\">Com Amor,\n<br>\nMalloo Ind. e Com. de Confec\u00e7\u00e3o Ltda.<\/h2>\t\t\t\t<\/div>\n\t\t\t\t<\/div>\n\t\t\t\t\t<\/div>\n\t\t<\/div>\n\t\t\t\t\t<\/div>\n\t\t<\/section>\n\t\t\t\t\t<\/div>\n\t\t<\/div>\n\t\t\t\t\t<\/div>\n\t\t<\/section>\n\t\t\t\t<\/div>\n\t\t","protected":false},"excerpt":{"rendered":"<p>Oiiii, somos Malloo Ind. e Com. de Confec\u00e7\u00e3o Ltda&#8230; Conhecida como a F\u00e1brica Encantada, h\u00e1 10 anos no mercado PET, espalhamos em nosso dia a dia de Moda e Confec\u00e7\u00e3o alegria em fazer aquilo que realmente somos boas: tirar um sorriso Seu e desenvolver Moda Pet regada \u00e1 muito Glamour, brilho e Purrrrrrpurinaaaa!Todos os dias [&hellip;]<\/p>\n","protected":false},"author":1,"featured_media":0,"parent":0,"menu_order":0,"comment_status":"closed","ping_status":"closed","template":"","meta":{"site-sidebar-layout":"no-sidebar","site-content-layout":"page-builder","ast-site-content-layout":"default","site-content-style":"default","site-sidebar-style":"default","ast-global-header-display":"","ast-banner-title-visibility":"","ast-main-header-display":"","ast-hfb-above-header-display":"","ast-hfb-below-header-display":"","ast-hfb-mobile-header-display":"","site-post-title":"disabled","ast-breadcrumbs-content":"","ast-featured-img":"disabled","footer-sml-layout":"","theme-transparent-header-meta":"","adv-header-id-meta":"","stick-header-meta":"","header-above-stick-meta":"","header-main-stick-meta":"","header-below-stick-meta":"","astra-migrate-meta-layouts":"default","ast-page-background-enabled":"default","ast-page-background-meta":{"desktop":{"background-color":"var(--ast-global-color-4)","background-image":"","background-repeat":"repeat","background-position":"center center","background-size":"auto","background-attachment":"scroll","background-type":"","background-media":"","overlay-type":"","overlay-color":"","overlay-opacity":"","overlay-gradient":""},"tablet":{"background-color":"","background-image":"","background-repeat":"repeat","background-position":"center center","background-size":"auto","background-attachment":"scroll","background-type":"","background-media":"","overlay-type":"","overlay-color":"","overlay-opacity":"","overlay-gradient":""},"mobile":{"background-color":"","background-image":"","background-repeat":"repeat","background-position":"center center","background-size":"auto","background-attachment":"scroll","background-type":"","background-media":"","overlay-type":"","overlay-color":"","overlay-opacity":"","overlay-gradient":""}},"ast-content-background-meta":{"desktop":{"background-color":"var(--ast-global-color-5)","background-image":"","background-repeat":"repeat","background-position":"center center","background-size":"auto","background-attachment":"scroll","background-type":"","background-media":"","overlay-type":"","overlay-color":"","overlay-opacity":"","overlay-gradient":""},"tablet":{"background-color":"var(--ast-global-color-5)","background-image":"","background-repeat":"repeat","background-position":"center center","background-size":"auto","background-attachment":"scroll","background-type":"","background-media":"","overlay-type":"","overlay-color":"","overlay-opacity":"","overlay-gradient":""},"mobile":{"background-color":"var(--ast-global-color-5)","background-image":"","background-repeat":"repeat","background-position":"center center","background-size":"auto","background-attachment":"scroll","background-type":"","background-media":"","overlay-type":"","overlay-color":"","overlay-opacity":"","overlay-gradient":""}},"footnotes":""},"class_list":["post-1624","page","type-page","status-publish","hentry"],"pp_statuses_selecting_workflow":false,"pp_workflow_action":"current","pp_status_selection":"publish","aioseo_notices":[],"_links":{"self":[{"href":"https:\/\/malloo.com.br\/atacado\/wp-json\/wp\/v2\/pages\/1624","targetHints":{"allow":["GET"]}}],"collection":[{"href":"https:\/\/malloo.com.br\/atacado\/wp-json\/wp\/v2\/pages"}],"about":[{"href":"https:\/\/malloo.com.br\/atacado\/wp-json\/wp\/v2\/types\/page"}],"author":[{"embeddable":true,"href":"https:\/\/malloo.com.br\/atacado\/wp-json\/wp\/v2\/users\/1"}],"replies":[{"embeddable":true,"href":"https:\/\/malloo.com.br\/atacado\/wp-json\/wp\/v2\/comments?post=1624"}],"version-history":[{"count":0,"href":"https:\/\/malloo.com.br\/atacado\/wp-json\/wp\/v2\/pages\/1624\/revisions"}],"wp:attachment":[{"href":"https:\/\/malloo.com.br\/atacado\/wp-json\/wp\/v2\/media?parent=1624"}],"curies":[{"name":"wp","href":"https:\/\/api.w.org\/{rel}","templated":true}]}}