{"id":10991,"date":"2025-07-29T19:03:44","date_gmt":"2025-07-29T19:03:44","guid":{"rendered":"https:\/\/malloo.com.br\/atacado\/produto\/peitoral-tweed-preto\/"},"modified":"2025-09-02T15:53:04","modified_gmt":"2025-09-02T15:53:04","slug":"peitoral-tweed-preto","status":"publish","type":"product","link":"https:\/\/malloo.com.br\/atacado\/produto\/peitoral-tweed-preto\/","title":{"rendered":"Peitoral Tweed Preto"},"content":{"rendered":"<p>&#8211; Tecido Tweed por fora e aerado\/almofadado por dentro<br \/>\n&#8211; Regulagem de bot\u00e3o de press\u00e3o no pesco\u00e7o e na barriguinha<br \/>\n&#8211; Passantes no pesco\u00e7o e na barriguinha<br \/>\n&#8211; Acompanha GUIA de 1,5 mts com fecho em banho ouro<br \/>\n&#8211; Elo dourado para engate da guia<br \/>\n&#8211; Camadas de saia de tul\u00ea com glitter e fil\u00f3 preto<br \/>\n&#8211; Detalhe em pel\u00facia preta e la\u00e7o de veludo costurado \u00e0 pe\u00e7a com chaton brilhante furta cor colado no la\u00e7o.<\/p>\n","protected":false},"excerpt":{"rendered":"<p>&#8211; Tecido Tweed por fora e aerado\/almofadado por dentro &#8211; Regulagem de bot\u00e3o de press\u00e3o no pesco\u00e7o e na barriguinha &#8211; Passantes no pesco\u00e7o e na barriguinha &#8211; Acompanha GUIA de 1,5 mts com fecho em banho ouro &#8211; Elo dourado para engate da guia &#8211; Camadas de saia de tul\u00ea com glitter e fil\u00f3 [&hellip;]<\/p>\n","protected":false},"featured_media":10987,"comment_status":"open","ping_status":"closed","template":"","meta":{"site-sidebar-layout":"default","site-content-layout":"","ast-site-content-layout":"default","site-content-style":"default","site-sidebar-style":"default","ast-global-header-display":"","ast-banner-title-visibility":"","ast-main-header-display":"","ast-hfb-above-header-display":"","ast-hfb-below-header-display":"","ast-hfb-mobile-header-display":"","site-post-title":"","ast-breadcrumbs-content":"","ast-featured-img":"","footer-sml-layout":"","theme-transparent-header-meta":"default","adv-header-id-meta":"","stick-header-meta":"","header-above-stick-meta":"","header-main-stick-meta":"","header-below-stick-meta":"","astra-migrate-meta-layouts":"set","ast-page-background-enabled":"default","ast-page-background-meta":{"desktop":{"background-color":"var(--ast-global-color-4)","background-image":"","background-repeat":"repeat","background-position":"center center","background-size":"auto","background-attachment":"scroll","background-type":"","background-media":"","overlay-type":"","overlay-color":"","overlay-opacity":"","overlay-gradient":""},"tablet":{"background-color":"","background-image":"","background-repeat":"repeat","background-position":"center center","background-size":"auto","background-attachment":"scroll","background-type":"","background-media":"","overlay-type":"","overlay-color":"","overlay-opacity":"","overlay-gradient":""},"mobile":{"background-color":"","background-image":"","background-repeat":"repeat","background-position":"center center","background-size":"auto","background-attachment":"scroll","background-type":"","background-media":"","overlay-type":"","overlay-color":"","overlay-opacity":"","overlay-gradient":""}},"ast-content-background-meta":{"desktop":{"background-color":"var(--ast-global-color-5)","background-image":"","background-repeat":"repeat","background-position":"center center","background-size":"auto","background-attachment":"scroll","background-type":"","background-media":"","overlay-type":"","overlay-color":"","overlay-opacity":"","overlay-gradient":""},"tablet":{"background-color":"var(--ast-global-color-5)","background-image":"","background-repeat":"repeat","background-position":"center center","background-size":"auto","background-attachment":"scroll","background-type":"","background-media":"","overlay-type":"","overlay-color":"","overlay-opacity":"","overlay-gradient":""},"mobile":{"background-color":"var(--ast-global-color-5)","background-image":"","background-repeat":"repeat","background-position":"center center","background-size":"auto","background-attachment":"scroll","background-type":"","background-media":"","overlay-type":"","overlay-color":"","overlay-opacity":"","overlay-gradient":""}}},"product_brand":[],"product_cat":[407,477,431,415,419,457],"product_tag":[441],"class_list":{"0":"post-10991","1":"product","2":"type-product","3":"status-publish","4":"has-post-thumbnail","6":"product_cat-acessorios","7":"product_cat-femea","8":"product_cat-inverno","9":"product_cat-lancamentos","10":"product_cat-peitoral","11":"product_cat-todos-os-produtos","12":"product_tag-lancamentos","13":"desktop-align-left","14":"tablet-align-left","15":"mobile-align-left","17":"first","18":"instock","19":"shipping-taxable","20":"product-type-variable"},"pp_statuses_selecting_workflow":false,"pp_workflow_action":"current","pp_status_selection":"publish","aioseo_notices":[],"_links":{"self":[{"href":"https:\/\/malloo.com.br\/atacado\/wp-json\/wp\/v2\/product\/10991","targetHints":{"allow":["GET"]}}],"collection":[{"href":"https:\/\/malloo.com.br\/atacado\/wp-json\/wp\/v2\/product"}],"about":[{"href":"https:\/\/malloo.com.br\/atacado\/wp-json\/wp\/v2\/types\/product"}],"replies":[{"embeddable":true,"href":"https:\/\/malloo.com.br\/atacado\/wp-json\/wp\/v2\/comments?post=10991"}],"version-history":[{"count":0,"href":"https:\/\/malloo.com.br\/atacado\/wp-json\/wp\/v2\/product\/10991\/revisions"}],"wp:featuredmedia":[{"embeddable":true,"href":"https:\/\/malloo.com.br\/atacado\/wp-json\/wp\/v2\/media\/10987"}],"wp:attachment":[{"href":"https:\/\/malloo.com.br\/atacado\/wp-json\/wp\/v2\/media?parent=10991"}],"wp:term":[{"taxonomy":"product_brand","embeddable":true,"href":"https:\/\/malloo.com.br\/atacado\/wp-json\/wp\/v2\/product_brand?post=10991"},{"taxonomy":"product_cat","embeddable":true,"href":"https:\/\/malloo.com.br\/atacado\/wp-json\/wp\/v2\/product_cat?post=10991"},{"taxonomy":"product_tag","embeddable":true,"href":"https:\/\/malloo.com.br\/atacado\/wp-json\/wp\/v2\/product_tag?post=10991"}],"curies":[{"name":"wp","href":"https:\/\/api.w.org\/{rel}","templated":true}]}}