{"id":11002,"date":"2025-07-29T19:16:35","date_gmt":"2025-07-29T19:16:35","guid":{"rendered":"https:\/\/malloo.com.br\/atacado\/produto\/bolsa-de-tweed-preto\/"},"modified":"2026-02-03T15:06:25","modified_gmt":"2026-02-03T15:06:25","slug":"bolsa-de-tweed-preto","status":"publish","type":"product","link":"https:\/\/malloo.com.br\/atacado\/produto\/bolsa-de-tweed-preto\/","title":{"rendered":"Bolsa de Tweed Preto"},"content":{"rendered":"<p>&#8211; A bolsa de passeio mais querida pelo mundo pet, t\u00e3o confort\u00e1vel que os pr\u00f3prios pets a usam como CAMA!<br \/>\n&#8211; Robusta no conforto por\u00e9m Leve para carregar!<br \/>\n&#8211; Tecido externo de Tweed<br \/>\n&#8211; Recomend\u00e1vel para pets de at\u00e9 7kg<br \/>\n&#8211; Bolso para objetos<br \/>\n&#8211; Pel\u00facia t\u00e9rmica e hipoalerg\u00eanica no detalhe<br \/>\n&#8211; Almofada DUPLA FACE: malha para uso no ver\u00e3o e pel\u00facia t\u00e9rmica para uso no inverno<br \/>\n&#8211; A bolsa n\u00e3o pende para frente. Foi projetada para ter seguran\u00e7a<br \/>\n&#8211; Ela foi desenvolvida para proporcionar o m\u00e1ximo de conforto para humanos e pets<br \/>\n&#8211; Acompanha 3\u00b0 al\u00e7a extra para usar na transversal, com regulagem<br \/>\n&#8211; Acompanha CHAVEIRO de urso remov\u00edvel<br \/>\n&#8211; El\u00e1stico para encaixar em poss\u00edveis superf\u00edcies como: apoio de bra\u00e7o em carro de SUV, banco, banquetas, cadeiras, etc.<\/p>\n","protected":false},"excerpt":{"rendered":"<p>&#8211; A bolsa de passeio mais querida pelo mundo pet, t\u00e3o confort\u00e1vel que os pr\u00f3prios pets a usam como CAMA! &#8211; Robusta no conforto por\u00e9m Leve para carregar! &#8211; Tecido externo de Tweed &#8211; Recomend\u00e1vel para pets de at\u00e9 7kg &#8211; Bolso para objetos &#8211; Pel\u00facia t\u00e9rmica e hipoalerg\u00eanica no detalhe &#8211; Almofada DUPLA FACE: [&hellip;]<\/p>\n","protected":false},"featured_media":11114,"comment_status":"open","ping_status":"closed","template":"","meta":{"site-sidebar-layout":"default","site-content-layout":"","ast-site-content-layout":"default","site-content-style":"default","site-sidebar-style":"default","ast-global-header-display":"","ast-banner-title-visibility":"","ast-main-header-display":"","ast-hfb-above-header-display":"","ast-hfb-below-header-display":"","ast-hfb-mobile-header-display":"","site-post-title":"","ast-breadcrumbs-content":"","ast-featured-img":"","footer-sml-layout":"","theme-transparent-header-meta":"default","adv-header-id-meta":"","stick-header-meta":"","header-above-stick-meta":"","header-main-stick-meta":"","header-below-stick-meta":"","astra-migrate-meta-layouts":"set","ast-page-background-enabled":"default","ast-page-background-meta":{"desktop":{"background-color":"var(--ast-global-color-4)","background-image":"","background-repeat":"repeat","background-position":"center center","background-size":"auto","background-attachment":"scroll","background-type":"","background-media":"","overlay-type":"","overlay-color":"","overlay-opacity":"","overlay-gradient":""},"tablet":{"background-color":"","background-image":"","background-repeat":"repeat","background-position":"center center","background-size":"auto","background-attachment":"scroll","background-type":"","background-media":"","overlay-type":"","overlay-color":"","overlay-opacity":"","overlay-gradient":""},"mobile":{"background-color":"","background-image":"","background-repeat":"repeat","background-position":"center center","background-size":"auto","background-attachment":"scroll","background-type":"","background-media":"","overlay-type":"","overlay-color":"","overlay-opacity":"","overlay-gradient":""}},"ast-content-background-meta":{"desktop":{"background-color":"var(--ast-global-color-5)","background-image":"","background-repeat":"repeat","background-position":"center center","background-size":"auto","background-attachment":"scroll","background-type":"","background-media":"","overlay-type":"","overlay-color":"","overlay-opacity":"","overlay-gradient":""},"tablet":{"background-color":"var(--ast-global-color-5)","background-image":"","background-repeat":"repeat","background-position":"center center","background-size":"auto","background-attachment":"scroll","background-type":"","background-media":"","overlay-type":"","overlay-color":"","overlay-opacity":"","overlay-gradient":""},"mobile":{"background-color":"var(--ast-global-color-5)","background-image":"","background-repeat":"repeat","background-position":"center center","background-size":"auto","background-attachment":"scroll","background-type":"","background-media":"","overlay-type":"","overlay-color":"","overlay-opacity":"","overlay-gradient":""}}},"product_brand":[],"product_cat":[407,408,429,477,431,415,459,457],"product_tag":[441],"class_list":{"0":"post-11002","1":"product","2":"type-product","3":"status-publish","4":"has-post-thumbnail","6":"product_cat-acessorios","7":"product_cat-adulto","8":"product_cat-bolsas","9":"product_cat-femea","10":"product_cat-inverno","11":"product_cat-lancamentos","12":"product_cat-macho","13":"product_cat-todos-os-produtos","14":"product_tag-lancamentos","15":"desktop-align-left","16":"tablet-align-left","17":"mobile-align-left","19":"first","20":"instock","21":"shipping-taxable","22":"purchasable","23":"product-type-simple"},"pp_statuses_selecting_workflow":false,"pp_workflow_action":"current","pp_status_selection":"publish","aioseo_notices":[],"_links":{"self":[{"href":"https:\/\/malloo.com.br\/atacado\/wp-json\/wp\/v2\/product\/11002","targetHints":{"allow":["GET"]}}],"collection":[{"href":"https:\/\/malloo.com.br\/atacado\/wp-json\/wp\/v2\/product"}],"about":[{"href":"https:\/\/malloo.com.br\/atacado\/wp-json\/wp\/v2\/types\/product"}],"replies":[{"embeddable":true,"href":"https:\/\/malloo.com.br\/atacado\/wp-json\/wp\/v2\/comments?post=11002"}],"version-history":[{"count":0,"href":"https:\/\/malloo.com.br\/atacado\/wp-json\/wp\/v2\/product\/11002\/revisions"}],"wp:featuredmedia":[{"embeddable":true,"href":"https:\/\/malloo.com.br\/atacado\/wp-json\/wp\/v2\/media\/11114"}],"wp:attachment":[{"href":"https:\/\/malloo.com.br\/atacado\/wp-json\/wp\/v2\/media?parent=11002"}],"wp:term":[{"taxonomy":"product_brand","embeddable":true,"href":"https:\/\/malloo.com.br\/atacado\/wp-json\/wp\/v2\/product_brand?post=11002"},{"taxonomy":"product_cat","embeddable":true,"href":"https:\/\/malloo.com.br\/atacado\/wp-json\/wp\/v2\/product_cat?post=11002"},{"taxonomy":"product_tag","embeddable":true,"href":"https:\/\/malloo.com.br\/atacado\/wp-json\/wp\/v2\/product_tag?post=11002"}],"curies":[{"name":"wp","href":"https:\/\/api.w.org\/{rel}","templated":true}]}}