{"id":2504,"date":"2023-09-29T13:13:16","date_gmt":"2023-09-29T13:13:16","guid":{"rendered":"https:\/\/malloo.com.br\/atacado\/?post_type=product&#038;p=2504"},"modified":"2026-03-31T03:57:22","modified_gmt":"2026-03-31T03:57:22","slug":"vestido-princesa-de-versalhes","status":"publish","type":"product","link":"https:\/\/malloo.com.br\/atacado\/produto\/vestido-princesa-de-versalhes\/","title":{"rendered":"Vestido Princesa de Versalhes"},"content":{"rendered":"<p><strong>Vestido Princesa de Versalhes da nossa Cole\u00e7\u00e3o Inverno M\u00e1gico !!! <span class=\"fe5nidar khvhiq1o r5qsrrlp i5tg98hk f9ovudaz przvwfww gx1rr48f gfz4du6o r7fjleex nz2484kf svot0ezm dcnh1tix sxl192xd t3g6t33p\"><span class=\"mpj7bzys xzlurrtv\">\u2728<\/span><\/span><span class=\"fe5nidar khvhiq1o r5qsrrlp i5tg98hk f9ovudaz przvwfww gx1rr48f gfz4du6o r7fjleex nz2484kf svot0ezm dcnh1tix sxl192xd t3g6t33p\"><span class=\"mpj7bzys xzlurrtv\">\ud83d\udc96<\/span><\/span><\/strong><\/p>\n<p>O queridinho do INVERNO de qualquer c\u00e3otricinha!<\/p>\n<p>O tecido \u00e9 de moletom e tem detalhes em pel\u00facia, na cintura temos uma fita de veludo com la\u00e7o Chanel em veludo.<br \/>\nAl\u00e9m disso, possui fechamento em velcro com regulagem e engate para guia com J\u00f3ia Dourada,<\/p>\n<p>As aplica\u00e7\u00f5es s\u00e3o em Mini-Strass e podem ser lavadas na m\u00e1quina, sem problemas!!!<\/p>\n<p><strong><span style=\"color: #ff0000;\">**TABELA DE MEDIDAS NAS FOTOS**<\/span><\/strong><\/p>\n","protected":false},"excerpt":{"rendered":"<p>Vestido Princesa de Versalhes da nossa Cole\u00e7\u00e3o Inverno M\u00e1gico !!! \u2728\ud83d\udc96 O queridinho do INVERNO de qualquer c\u00e3otricinha! O tecido \u00e9 de moletom e tem detalhes em pel\u00facia, na cintura temos uma fita de veludo com la\u00e7o Chanel em veludo. Al\u00e9m disso, possui fechamento em velcro com regulagem e engate para guia com J\u00f3ia Dourada, [&hellip;]<\/p>\n","protected":false},"featured_media":2526,"comment_status":"open","ping_status":"closed","template":"","meta":{"site-sidebar-layout":"default","site-content-layout":"default","ast-site-content-layout":"default","site-content-style":"default","site-sidebar-style":"default","ast-global-header-display":"","ast-banner-title-visibility":"","ast-main-header-display":"","ast-hfb-above-header-display":"","ast-hfb-below-header-display":"","ast-hfb-mobile-header-display":"","site-post-title":"","ast-breadcrumbs-content":"","ast-featured-img":"","footer-sml-layout":"","theme-transparent-header-meta":"default","adv-header-id-meta":"","stick-header-meta":"","header-above-stick-meta":"","header-main-stick-meta":"","header-below-stick-meta":"","astra-migrate-meta-layouts":"set","ast-page-background-enabled":"default","ast-page-background-meta":{"desktop":{"background-color":"var(--ast-global-color-4)","background-image":"","background-repeat":"repeat","background-position":"center center","background-size":"auto","background-attachment":"scroll","background-type":"","background-media":"","overlay-type":"","overlay-color":"","overlay-opacity":"","overlay-gradient":""},"tablet":{"background-color":"","background-image":"","background-repeat":"repeat","background-position":"center center","background-size":"auto","background-attachment":"scroll","background-type":"","background-media":"","overlay-type":"","overlay-color":"","overlay-opacity":"","overlay-gradient":""},"mobile":{"background-color":"","background-image":"","background-repeat":"repeat","background-position":"center center","background-size":"auto","background-attachment":"scroll","background-type":"","background-media":"","overlay-type":"","overlay-color":"","overlay-opacity":"","overlay-gradient":""}},"ast-content-background-meta":{"desktop":{"background-color":"var(--ast-global-color-5)","background-image":"","background-repeat":"repeat","background-position":"center center","background-size":"auto","background-attachment":"scroll","background-type":"","background-media":"","overlay-type":"","overlay-color":"","overlay-opacity":"","overlay-gradient":""},"tablet":{"background-color":"var(--ast-global-color-5)","background-image":"","background-repeat":"repeat","background-position":"center center","background-size":"auto","background-attachment":"scroll","background-type":"","background-media":"","overlay-type":"","overlay-color":"","overlay-opacity":"","overlay-gradient":""},"mobile":{"background-color":"var(--ast-global-color-5)","background-image":"","background-repeat":"repeat","background-position":"center center","background-size":"auto","background-attachment":"scroll","background-type":"","background-media":"","overlay-type":"","overlay-color":"","overlay-opacity":"","overlay-gradient":""}}},"product_brand":[],"product_cat":[477,431,469,457,424],"product_tag":[],"class_list":{"0":"post-2504","1":"product","2":"type-product","3":"status-publish","4":"has-post-thumbnail","6":"product_cat-femea","7":"product_cat-inverno","8":"product_cat-roupas","9":"product_cat-todos-os-produtos","10":"product_cat-vestidos","11":"desktop-align-left","12":"tablet-align-left","13":"mobile-align-left","15":"first","16":"instock","17":"sale","18":"shipping-taxable","19":"purchasable","20":"product-type-variable","21":"has-default-attributes"},"pp_statuses_selecting_workflow":false,"pp_workflow_action":"current","pp_status_selection":"publish","aioseo_notices":[],"_links":{"self":[{"href":"https:\/\/malloo.com.br\/atacado\/wp-json\/wp\/v2\/product\/2504","targetHints":{"allow":["GET"]}}],"collection":[{"href":"https:\/\/malloo.com.br\/atacado\/wp-json\/wp\/v2\/product"}],"about":[{"href":"https:\/\/malloo.com.br\/atacado\/wp-json\/wp\/v2\/types\/product"}],"replies":[{"embeddable":true,"href":"https:\/\/malloo.com.br\/atacado\/wp-json\/wp\/v2\/comments?post=2504"}],"version-history":[{"count":0,"href":"https:\/\/malloo.com.br\/atacado\/wp-json\/wp\/v2\/product\/2504\/revisions"}],"wp:featuredmedia":[{"embeddable":true,"href":"https:\/\/malloo.com.br\/atacado\/wp-json\/wp\/v2\/media\/2526"}],"wp:attachment":[{"href":"https:\/\/malloo.com.br\/atacado\/wp-json\/wp\/v2\/media?parent=2504"}],"wp:term":[{"taxonomy":"product_brand","embeddable":true,"href":"https:\/\/malloo.com.br\/atacado\/wp-json\/wp\/v2\/product_brand?post=2504"},{"taxonomy":"product_cat","embeddable":true,"href":"https:\/\/malloo.com.br\/atacado\/wp-json\/wp\/v2\/product_cat?post=2504"},{"taxonomy":"product_tag","embeddable":true,"href":"https:\/\/malloo.com.br\/atacado\/wp-json\/wp\/v2\/product_tag?post=2504"}],"curies":[{"name":"wp","href":"https:\/\/api.w.org\/{rel}","templated":true}]}}