{"id":2930,"date":"2023-10-04T11:03:48","date_gmt":"2023-10-04T11:03:48","guid":{"rendered":"https:\/\/malloo.com.br\/atacado\/?post_type=product&#038;p=2930"},"modified":"2025-09-23T13:53:54","modified_gmt":"2025-09-23T13:53:54","slug":"vestido-bruxinha-morgana","status":"publish","type":"product","link":"https:\/\/malloo.com.br\/atacado\/produto\/vestido-bruxinha-morgana\/","title":{"rendered":"Vestido Bruxinha Morgana"},"content":{"rendered":"<p><strong>Vestido Bruxinha Morgana da nossa Cole\u00e7\u00e3o de Halloween!!! <span class=\"fe5nidar khvhiq1o r5qsrrlp i5tg98hk f9ovudaz przvwfww gx1rr48f gfz4du6o r7fjleex nz2484kf svot0ezm dcnh1tix sxl192xd t3g6t33p\"><span class=\"mpj7bzys xzlurrtv\">\ud83c\udf83<\/span><\/span><span class=\"fe5nidar khvhiq1o r5qsrrlp i5tg98hk f9ovudaz przvwfww gx1rr48f gfz4du6o r7fjleex nz2484kf svot0ezm dcnh1tix sxl192xd t3g6t33p\"><span class=\"mpj7bzys xzlurrtv\">\ud83d\udc7b<\/span><\/span><\/strong><\/p>\n<p>Inspirado na feiticera Morgana tia-av\u00f3 do famoso Nino do Castelo Ra-tim-bum!!!<\/p>\n<p>O vestido \u00e9 em tecido prada acetinado para n\u00e3o embolar os p\u00ealos do pet e possui quatro camadas de saia alternando entre tule e tricoline.<\/p>\n<p>Possui j\u00f3ia dourada para engate da guia\u00a0 e tamb\u00e9m broche de ab\u00f3bora bordada remov\u00edvel, com asinhas de morcego com bastante glitter!!<\/p>\n<p>A saia \u00e9 em tule estrelinha e renda chantilly e possui fechamento em velcro no pesco\u00e7o e barriguinha.<\/p>\n<p><span style=\"color: #ff0000;\">**TABELA DE MEDIDAS NAS FOTOS**<\/span><\/p>\n<p>&nbsp;<\/p>\n","protected":false},"excerpt":{"rendered":"<p>Vestido Bruxinha Morgana da nossa Cole\u00e7\u00e3o de Halloween!!! \ud83c\udf83\ud83d\udc7b Inspirado na feiticera Morgana tia-av\u00f3 do famoso Nino do Castelo Ra-tim-bum!!! O vestido \u00e9 em tecido prada acetinado para n\u00e3o embolar os p\u00ealos do pet e possui quatro camadas de saia alternando entre tule e tricoline. Possui j\u00f3ia dourada para engate da guia\u00a0 e tamb\u00e9m broche [&hellip;]<\/p>\n","protected":false},"featured_media":2931,"comment_status":"open","ping_status":"closed","template":"","meta":{"site-sidebar-layout":"default","site-content-layout":"default","ast-site-content-layout":"default","site-content-style":"default","site-sidebar-style":"default","ast-global-header-display":"","ast-banner-title-visibility":"","ast-main-header-display":"","ast-hfb-above-header-display":"","ast-hfb-below-header-display":"","ast-hfb-mobile-header-display":"","site-post-title":"","ast-breadcrumbs-content":"","ast-featured-img":"","footer-sml-layout":"","theme-transparent-header-meta":"default","adv-header-id-meta":"","stick-header-meta":"","header-above-stick-meta":"","header-main-stick-meta":"","header-below-stick-meta":"","astra-migrate-meta-layouts":"set","ast-page-background-enabled":"default","ast-page-background-meta":{"desktop":{"background-color":"var(--ast-global-color-4)","background-image":"","background-repeat":"repeat","background-position":"center center","background-size":"auto","background-attachment":"scroll","background-type":"","background-media":"","overlay-type":"","overlay-color":"","overlay-opacity":"","overlay-gradient":""},"tablet":{"background-color":"","background-image":"","background-repeat":"repeat","background-position":"center center","background-size":"auto","background-attachment":"scroll","background-type":"","background-media":"","overlay-type":"","overlay-color":"","overlay-opacity":"","overlay-gradient":""},"mobile":{"background-color":"","background-image":"","background-repeat":"repeat","background-position":"center center","background-size":"auto","background-attachment":"scroll","background-type":"","background-media":"","overlay-type":"","overlay-color":"","overlay-opacity":"","overlay-gradient":""}},"ast-content-background-meta":{"desktop":{"background-color":"var(--ast-global-color-5)","background-image":"","background-repeat":"repeat","background-position":"center center","background-size":"auto","background-attachment":"scroll","background-type":"","background-media":"","overlay-type":"","overlay-color":"","overlay-opacity":"","overlay-gradient":""},"tablet":{"background-color":"var(--ast-global-color-5)","background-image":"","background-repeat":"repeat","background-position":"center center","background-size":"auto","background-attachment":"scroll","background-type":"","background-media":"","overlay-type":"","overlay-color":"","overlay-opacity":"","overlay-gradient":""},"mobile":{"background-color":"var(--ast-global-color-5)","background-image":"","background-repeat":"repeat","background-position":"center center","background-size":"auto","background-attachment":"scroll","background-type":"","background-media":"","overlay-type":"","overlay-color":"","overlay-opacity":"","overlay-gradient":""}}},"product_brand":[],"product_cat":[427,469,457,424],"product_tag":[440],"class_list":{"0":"post-2930","1":"product","2":"type-product","3":"status-publish","4":"has-post-thumbnail","6":"product_cat-halloween","7":"product_cat-roupas","8":"product_cat-todos-os-produtos","9":"product_cat-vestidos","10":"product_tag-fantasias","11":"desktop-align-left","12":"tablet-align-left","13":"mobile-align-left","15":"first","16":"instock","17":"shipping-taxable","18":"product-type-variable"},"pp_statuses_selecting_workflow":false,"pp_workflow_action":"current","pp_status_selection":"publish","aioseo_notices":[],"_links":{"self":[{"href":"https:\/\/malloo.com.br\/atacado\/wp-json\/wp\/v2\/product\/2930","targetHints":{"allow":["GET"]}}],"collection":[{"href":"https:\/\/malloo.com.br\/atacado\/wp-json\/wp\/v2\/product"}],"about":[{"href":"https:\/\/malloo.com.br\/atacado\/wp-json\/wp\/v2\/types\/product"}],"replies":[{"embeddable":true,"href":"https:\/\/malloo.com.br\/atacado\/wp-json\/wp\/v2\/comments?post=2930"}],"version-history":[{"count":0,"href":"https:\/\/malloo.com.br\/atacado\/wp-json\/wp\/v2\/product\/2930\/revisions"}],"wp:featuredmedia":[{"embeddable":true,"href":"https:\/\/malloo.com.br\/atacado\/wp-json\/wp\/v2\/media\/2931"}],"wp:attachment":[{"href":"https:\/\/malloo.com.br\/atacado\/wp-json\/wp\/v2\/media?parent=2930"}],"wp:term":[{"taxonomy":"product_brand","embeddable":true,"href":"https:\/\/malloo.com.br\/atacado\/wp-json\/wp\/v2\/product_brand?post=2930"},{"taxonomy":"product_cat","embeddable":true,"href":"https:\/\/malloo.com.br\/atacado\/wp-json\/wp\/v2\/product_cat?post=2930"},{"taxonomy":"product_tag","embeddable":true,"href":"https:\/\/malloo.com.br\/atacado\/wp-json\/wp\/v2\/product_tag?post=2930"}],"curies":[{"name":"wp","href":"https:\/\/api.w.org\/{rel}","templated":true}]}}