{"id":4421,"date":"2024-02-23T14:22:03","date_gmt":"2024-02-23T14:22:03","guid":{"rendered":"https:\/\/malloo.com.br\/atacado\/?post_type=product&#038;p=4421"},"modified":"2025-11-18T13:01:32","modified_gmt":"2025-11-18T13:01:32","slug":"cowboy-apaixonado","status":"publish","type":"product","link":"https:\/\/malloo.com.br\/atacado\/produto\/cowboy-apaixonado\/","title":{"rendered":"Cowboy Apaixonado"},"content":{"rendered":"<p>Jardineira Jeans com camiseta de malha de algod\u00e3o por baixo<br \/>\nDetalhes em bandana vermelha,\u00a0 bolsos com estampa de vaquinha, aplica\u00e7\u00e3o de Juta, e cora\u00e7\u00e3o de glittter.<\/p>\n<p>Ajuste em velcro na barriguinha<br \/>\nAbertura para passagem de guia<br \/>\nAcabamentos em punho canelado<\/p>\n","protected":false},"excerpt":{"rendered":"<p>Jardineira Jeans com camiseta de malha de algod\u00e3o por baixo Detalhes em bandana vermelha,\u00a0 bolsos com estampa de vaquinha, aplica\u00e7\u00e3o de Juta, e cora\u00e7\u00e3o de glittter. Ajuste em velcro na barriguinha Abertura para passagem de guia Acabamentos em punho canelado<\/p>\n","protected":false},"featured_media":8410,"comment_status":"open","ping_status":"closed","template":"","meta":{"site-sidebar-layout":"default","site-content-layout":"","ast-site-content-layout":"default","site-content-style":"default","site-sidebar-style":"default","ast-global-header-display":"","ast-banner-title-visibility":"","ast-main-header-display":"","ast-hfb-above-header-display":"","ast-hfb-below-header-display":"","ast-hfb-mobile-header-display":"","site-post-title":"","ast-breadcrumbs-content":"","ast-featured-img":"","footer-sml-layout":"","theme-transparent-header-meta":"default","adv-header-id-meta":"","stick-header-meta":"","header-above-stick-meta":"","header-main-stick-meta":"","header-below-stick-meta":"","astra-migrate-meta-layouts":"set","ast-page-background-enabled":"default","ast-page-background-meta":{"desktop":{"background-color":"var(--ast-global-color-4)","background-image":"","background-repeat":"repeat","background-position":"center center","background-size":"auto","background-attachment":"scroll","background-type":"","background-media":"","overlay-type":"","overlay-color":"","overlay-opacity":"","overlay-gradient":""},"tablet":{"background-color":"","background-image":"","background-repeat":"repeat","background-position":"center center","background-size":"auto","background-attachment":"scroll","background-type":"","background-media":"","overlay-type":"","overlay-color":"","overlay-opacity":"","overlay-gradient":""},"mobile":{"background-color":"","background-image":"","background-repeat":"repeat","background-position":"center center","background-size":"auto","background-attachment":"scroll","background-type":"","background-media":"","overlay-type":"","overlay-color":"","overlay-opacity":"","overlay-gradient":""}},"ast-content-background-meta":{"desktop":{"background-color":"var(--ast-global-color-5)","background-image":"","background-repeat":"repeat","background-position":"center center","background-size":"auto","background-attachment":"scroll","background-type":"","background-media":"","overlay-type":"","overlay-color":"","overlay-opacity":"","overlay-gradient":""},"tablet":{"background-color":"var(--ast-global-color-5)","background-image":"","background-repeat":"repeat","background-position":"center center","background-size":"auto","background-attachment":"scroll","background-type":"","background-media":"","overlay-type":"","overlay-color":"","overlay-opacity":"","overlay-gradient":""},"mobile":{"background-color":"var(--ast-global-color-5)","background-image":"","background-repeat":"repeat","background-position":"center center","background-size":"auto","background-attachment":"scroll","background-type":"","background-media":"","overlay-type":"","overlay-color":"","overlay-opacity":"","overlay-gradient":""}}},"product_brand":[],"product_cat":[414,428,416,459,469,457],"product_tag":[483,453],"class_list":{"0":"post-4421","1":"product","2":"type-product","3":"status-publish","4":"has-post-thumbnail","6":"product_cat-fantasia","7":"product_cat-festa-junina","8":"product_cat-jardineira","9":"product_cat-macho","10":"product_cat-roupas","11":"product_cat-todos-os-produtos","12":"product_tag-colecao-festa-junina","13":"product_tag-festa-junina","14":"desktop-align-left","15":"tablet-align-left","16":"mobile-align-left","18":"first","19":"instock","20":"shipping-taxable","21":"purchasable","22":"product-type-variable"},"pp_statuses_selecting_workflow":false,"pp_workflow_action":"current","pp_status_selection":"publish","aioseo_notices":[],"_links":{"self":[{"href":"https:\/\/malloo.com.br\/atacado\/wp-json\/wp\/v2\/product\/4421","targetHints":{"allow":["GET"]}}],"collection":[{"href":"https:\/\/malloo.com.br\/atacado\/wp-json\/wp\/v2\/product"}],"about":[{"href":"https:\/\/malloo.com.br\/atacado\/wp-json\/wp\/v2\/types\/product"}],"replies":[{"embeddable":true,"href":"https:\/\/malloo.com.br\/atacado\/wp-json\/wp\/v2\/comments?post=4421"}],"version-history":[{"count":0,"href":"https:\/\/malloo.com.br\/atacado\/wp-json\/wp\/v2\/product\/4421\/revisions"}],"wp:featuredmedia":[{"embeddable":true,"href":"https:\/\/malloo.com.br\/atacado\/wp-json\/wp\/v2\/media\/8410"}],"wp:attachment":[{"href":"https:\/\/malloo.com.br\/atacado\/wp-json\/wp\/v2\/media?parent=4421"}],"wp:term":[{"taxonomy":"product_brand","embeddable":true,"href":"https:\/\/malloo.com.br\/atacado\/wp-json\/wp\/v2\/product_brand?post=4421"},{"taxonomy":"product_cat","embeddable":true,"href":"https:\/\/malloo.com.br\/atacado\/wp-json\/wp\/v2\/product_cat?post=4421"},{"taxonomy":"product_tag","embeddable":true,"href":"https:\/\/malloo.com.br\/atacado\/wp-json\/wp\/v2\/product_tag?post=4421"}],"curies":[{"name":"wp","href":"https:\/\/api.w.org\/{rel}","templated":true}]}}