{"id":4859,"date":"2024-03-01T19:59:16","date_gmt":"2024-03-01T19:59:16","guid":{"rendered":"https:\/\/malloo.com.br\/atacado\/?post_type=product&#038;p=4859"},"modified":"2025-11-05T14:21:18","modified_gmt":"2025-11-05T14:21:18","slug":"bandana-bulbery","status":"publish","type":"product","link":"https:\/\/malloo.com.br\/atacado\/produto\/bandana-bulbery\/","title":{"rendered":"Bandana Bulbery"},"content":{"rendered":"<ul>\n<li>Bandana em sarja<\/li>\n<li>Modelagem anat\u00f4mica exclusiva Malloo<\/li>\n<li>Detalhes e fita de veludo<\/li>\n<li>Bot\u00f5es dourados costurados \u00e1 pe\u00e7a<\/li>\n<li>Dobrar aten\u00e7\u00e3o ao uso da pe\u00e7a, caso necess\u00e1rio, remova os bot\u00f5es!TAMANHO P: pesco\u00e7o 51 cm \/ comprimento 14 cm = ideal para york shire, pinsher, chiuaua, gatos<br \/>\nTAMANHO M: pesco\u00e7o 72 cm \/\u00a0 comprimento 16 cm = ideal para shitzu, spitz, galgos<br \/>\nTAMANHO G: pesco\u00e7o 96 cm \/ comprimento 19 cm = ideal para bulldog, shnauzer, boston terrier<br \/>\nTAMANHO G4 : pesco\u00e7o 113 cm \/ comprimento 24 cm = ideal para c\u00e3es de grande porte como boxer, labrador, golden<\/li>\n<\/ul>\n","protected":false},"excerpt":{"rendered":"<p>Bandana em sarja Modelagem anat\u00f4mica exclusiva Malloo Detalhes e fita de veludo Bot\u00f5es dourados costurados \u00e1 pe\u00e7a Dobrar aten\u00e7\u00e3o ao uso da pe\u00e7a, caso necess\u00e1rio, remova os bot\u00f5es!TAMANHO P: pesco\u00e7o 51 cm \/ comprimento 14 cm = ideal para york shire, pinsher, chiuaua, gatos TAMANHO M: pesco\u00e7o 72 cm \/\u00a0 comprimento 16 cm = ideal [&hellip;]<\/p>\n","protected":false},"featured_media":8365,"comment_status":"open","ping_status":"closed","template":"","meta":{"site-sidebar-layout":"default","site-content-layout":"","ast-site-content-layout":"default","site-content-style":"default","site-sidebar-style":"default","ast-global-header-display":"","ast-banner-title-visibility":"","ast-main-header-display":"","ast-hfb-above-header-display":"","ast-hfb-below-header-display":"","ast-hfb-mobile-header-display":"","site-post-title":"","ast-breadcrumbs-content":"","ast-featured-img":"","footer-sml-layout":"","theme-transparent-header-meta":"default","adv-header-id-meta":"","stick-header-meta":"","header-above-stick-meta":"","header-main-stick-meta":"","header-below-stick-meta":"","astra-migrate-meta-layouts":"set","ast-page-background-enabled":"default","ast-page-background-meta":{"desktop":{"background-color":"var(--ast-global-color-4)","background-image":"","background-repeat":"repeat","background-position":"center center","background-size":"auto","background-attachment":"scroll","background-type":"","background-media":"","overlay-type":"","overlay-color":"","overlay-opacity":"","overlay-gradient":""},"tablet":{"background-color":"","background-image":"","background-repeat":"repeat","background-position":"center center","background-size":"auto","background-attachment":"scroll","background-type":"","background-media":"","overlay-type":"","overlay-color":"","overlay-opacity":"","overlay-gradient":""},"mobile":{"background-color":"","background-image":"","background-repeat":"repeat","background-position":"center center","background-size":"auto","background-attachment":"scroll","background-type":"","background-media":"","overlay-type":"","overlay-color":"","overlay-opacity":"","overlay-gradient":""}},"ast-content-background-meta":{"desktop":{"background-color":"var(--ast-global-color-5)","background-image":"","background-repeat":"repeat","background-position":"center center","background-size":"auto","background-attachment":"scroll","background-type":"","background-media":"","overlay-type":"","overlay-color":"","overlay-opacity":"","overlay-gradient":""},"tablet":{"background-color":"var(--ast-global-color-5)","background-image":"","background-repeat":"repeat","background-position":"center center","background-size":"auto","background-attachment":"scroll","background-type":"","background-media":"","overlay-type":"","overlay-color":"","overlay-opacity":"","overlay-gradient":""},"mobile":{"background-color":"var(--ast-global-color-5)","background-image":"","background-repeat":"repeat","background-position":"center center","background-size":"auto","background-attachment":"scroll","background-type":"","background-media":"","overlay-type":"","overlay-color":"","overlay-opacity":"","overlay-gradient":""}}},"product_brand":[],"product_cat":[407,410,477,415,459,457,430],"product_tag":[],"class_list":{"0":"post-4859","1":"product","2":"type-product","3":"status-publish","4":"has-post-thumbnail","6":"product_cat-acessorios","7":"product_cat-bandanas","8":"product_cat-femea","9":"product_cat-lancamentos","10":"product_cat-macho","11":"product_cat-todos-os-produtos","12":"product_cat-verao","13":"desktop-align-left","14":"tablet-align-left","15":"mobile-align-left","17":"first","18":"instock","19":"shipping-taxable","20":"purchasable","21":"product-type-variable"},"pp_statuses_selecting_workflow":false,"pp_workflow_action":"current","pp_status_selection":"publish","aioseo_notices":[],"_links":{"self":[{"href":"https:\/\/malloo.com.br\/atacado\/wp-json\/wp\/v2\/product\/4859","targetHints":{"allow":["GET"]}}],"collection":[{"href":"https:\/\/malloo.com.br\/atacado\/wp-json\/wp\/v2\/product"}],"about":[{"href":"https:\/\/malloo.com.br\/atacado\/wp-json\/wp\/v2\/types\/product"}],"replies":[{"embeddable":true,"href":"https:\/\/malloo.com.br\/atacado\/wp-json\/wp\/v2\/comments?post=4859"}],"version-history":[{"count":0,"href":"https:\/\/malloo.com.br\/atacado\/wp-json\/wp\/v2\/product\/4859\/revisions"}],"wp:featuredmedia":[{"embeddable":true,"href":"https:\/\/malloo.com.br\/atacado\/wp-json\/wp\/v2\/media\/8365"}],"wp:attachment":[{"href":"https:\/\/malloo.com.br\/atacado\/wp-json\/wp\/v2\/media?parent=4859"}],"wp:term":[{"taxonomy":"product_brand","embeddable":true,"href":"https:\/\/malloo.com.br\/atacado\/wp-json\/wp\/v2\/product_brand?post=4859"},{"taxonomy":"product_cat","embeddable":true,"href":"https:\/\/malloo.com.br\/atacado\/wp-json\/wp\/v2\/product_cat?post=4859"},{"taxonomy":"product_tag","embeddable":true,"href":"https:\/\/malloo.com.br\/atacado\/wp-json\/wp\/v2\/product_tag?post=4859"}],"curies":[{"name":"wp","href":"https:\/\/api.w.org\/{rel}","templated":true}]}}