{"id":5215,"date":"2024-03-20T13:56:42","date_gmt":"2024-03-20T13:56:42","guid":{"rendered":"https:\/\/malloo.com.br\/atacado\/?post_type=product&#038;p=5215"},"modified":"2026-01-30T15:01:37","modified_gmt":"2026-01-30T15:01:37","slug":"capa-p-banco-do-carro","status":"publish","type":"product","link":"https:\/\/malloo.com.br\/atacado\/produto\/capa-p-banco-do-carro\/","title":{"rendered":"Capa p\/ banco do carro"},"content":{"rendered":"<p>Medidas U: 145X140 cm<\/p>\n<ul>\n<li>Ajust\u00e1vel ao Banco<\/li>\n<li>Imperme\u00e1vel protege o Banco<\/li>\n<li>Todas as ra\u00e7as e tamanhos<\/li>\n<li>Banco traseiro, Traseiro Bipartido e Porta malas<\/li>\n<li>Abertura para Adaptar Cinto<\/li>\n<\/ul>\n<p>Modo de Uso:<\/p>\n<p>1\u00b0 Prenda as duas al\u00e7as nos encostos de cabe\u00e7a do banco traseiro e regule .<\/p>\n<p>2\u00b0 Prenda as duas al\u00e7as nos encostos de cabe\u00e7a do banco dianteiro e regule.<\/p>\n<p>3\u00b0 Outra op\u00e7\u00e3o \u00e9 deixar as al\u00e7as do encosto do banco dianteiro soltas.<\/p>\n<p>&nbsp;<\/p>\n","protected":false},"excerpt":{"rendered":"<p>Medidas U: 145X140 cm Ajust\u00e1vel ao Banco Imperme\u00e1vel protege o Banco Todas as ra\u00e7as e tamanhos Banco traseiro, Traseiro Bipartido e Porta malas Abertura para Adaptar Cinto Modo de Uso: 1\u00b0 Prenda as duas al\u00e7as nos encostos de cabe\u00e7a do banco traseiro e regule . 2\u00b0 Prenda as duas al\u00e7as nos encostos de cabe\u00e7a do [&hellip;]<\/p>\n","protected":false},"featured_media":5272,"comment_status":"open","ping_status":"closed","template":"","meta":{"site-sidebar-layout":"default","site-content-layout":"","ast-site-content-layout":"default","site-content-style":"default","site-sidebar-style":"default","ast-global-header-display":"","ast-banner-title-visibility":"","ast-main-header-display":"","ast-hfb-above-header-display":"","ast-hfb-below-header-display":"","ast-hfb-mobile-header-display":"","site-post-title":"","ast-breadcrumbs-content":"","ast-featured-img":"","footer-sml-layout":"","theme-transparent-header-meta":"default","adv-header-id-meta":"","stick-header-meta":"","header-above-stick-meta":"","header-main-stick-meta":"","header-below-stick-meta":"","astra-migrate-meta-layouts":"set","ast-page-background-enabled":"default","ast-page-background-meta":{"desktop":{"background-color":"var(--ast-global-color-4)","background-image":"","background-repeat":"repeat","background-position":"center center","background-size":"auto","background-attachment":"scroll","background-type":"","background-media":"","overlay-type":"","overlay-color":"","overlay-opacity":"","overlay-gradient":""},"tablet":{"background-color":"","background-image":"","background-repeat":"repeat","background-position":"center center","background-size":"auto","background-attachment":"scroll","background-type":"","background-media":"","overlay-type":"","overlay-color":"","overlay-opacity":"","overlay-gradient":""},"mobile":{"background-color":"","background-image":"","background-repeat":"repeat","background-position":"center center","background-size":"auto","background-attachment":"scroll","background-type":"","background-media":"","overlay-type":"","overlay-color":"","overlay-opacity":"","overlay-gradient":""}},"ast-content-background-meta":{"desktop":{"background-color":"var(--ast-global-color-5)","background-image":"","background-repeat":"repeat","background-position":"center center","background-size":"auto","background-attachment":"scroll","background-type":"","background-media":"","overlay-type":"","overlay-color":"","overlay-opacity":"","overlay-gradient":""},"tablet":{"background-color":"var(--ast-global-color-5)","background-image":"","background-repeat":"repeat","background-position":"center center","background-size":"auto","background-attachment":"scroll","background-type":"","background-media":"","overlay-type":"","overlay-color":"","overlay-opacity":"","overlay-gradient":""},"mobile":{"background-color":"var(--ast-global-color-5)","background-image":"","background-repeat":"repeat","background-position":"center center","background-size":"auto","background-attachment":"scroll","background-type":"","background-media":"","overlay-type":"","overlay-color":"","overlay-opacity":"","overlay-gradient":""}}},"product_brand":[],"product_cat":[407,411,412,457],"product_tag":[436],"class_list":{"0":"post-5215","1":"product","2":"type-product","3":"status-publish","4":"has-post-thumbnail","6":"product_cat-acessorios","7":"product_cat-camas","8":"product_cat-capa-de-chuva","9":"product_cat-todos-os-produtos","10":"product_tag-camas","11":"desktop-align-left","12":"tablet-align-left","13":"mobile-align-left","15":"first","16":"instock","17":"shipping-taxable","18":"purchasable","19":"product-type-simple"},"pp_statuses_selecting_workflow":false,"pp_workflow_action":"current","pp_status_selection":"publish","aioseo_notices":[],"_links":{"self":[{"href":"https:\/\/malloo.com.br\/atacado\/wp-json\/wp\/v2\/product\/5215","targetHints":{"allow":["GET"]}}],"collection":[{"href":"https:\/\/malloo.com.br\/atacado\/wp-json\/wp\/v2\/product"}],"about":[{"href":"https:\/\/malloo.com.br\/atacado\/wp-json\/wp\/v2\/types\/product"}],"replies":[{"embeddable":true,"href":"https:\/\/malloo.com.br\/atacado\/wp-json\/wp\/v2\/comments?post=5215"}],"version-history":[{"count":0,"href":"https:\/\/malloo.com.br\/atacado\/wp-json\/wp\/v2\/product\/5215\/revisions"}],"wp:featuredmedia":[{"embeddable":true,"href":"https:\/\/malloo.com.br\/atacado\/wp-json\/wp\/v2\/media\/5272"}],"wp:attachment":[{"href":"https:\/\/malloo.com.br\/atacado\/wp-json\/wp\/v2\/media?parent=5215"}],"wp:term":[{"taxonomy":"product_brand","embeddable":true,"href":"https:\/\/malloo.com.br\/atacado\/wp-json\/wp\/v2\/product_brand?post=5215"},{"taxonomy":"product_cat","embeddable":true,"href":"https:\/\/malloo.com.br\/atacado\/wp-json\/wp\/v2\/product_cat?post=5215"},{"taxonomy":"product_tag","embeddable":true,"href":"https:\/\/malloo.com.br\/atacado\/wp-json\/wp\/v2\/product_tag?post=5215"}],"curies":[{"name":"wp","href":"https:\/\/api.w.org\/{rel}","templated":true}]}}