{"id":5232,"date":"2024-03-20T17:26:10","date_gmt":"2024-03-20T17:26:10","guid":{"rendered":"https:\/\/malloo.com.br\/atacado\/?post_type=product&#038;p=5232"},"modified":"2025-09-11T10:34:52","modified_gmt":"2025-09-11T10:34:52","slug":"cama-primavera-pink","status":"publish","type":"product","link":"https:\/\/malloo.com.br\/atacado\/produto\/cama-primavera-pink\/","title":{"rendered":"Cama Primavera Pink"},"content":{"rendered":"<ul>\n<li>Cama Pink com estampa floral, com compos\u00ea de cores pink<\/li>\n<li>Tricoline por dentro<\/li>\n<li>Z\u00edper de fora a fora<\/li>\n<li>Todos os enchimentos s\u00e3o remov\u00edveis para lavagem<\/li>\n<li>Detalhe com babados em malha Laise de fora a fora<\/li>\n<li>Fundo com tecido imperme\u00e1vel!Frete: Pedidos com cama frete fica sujeito a consulta posterior ao pedido, neste caso, entraremos em contato via Whats App se houver altera\u00e7\u00f5es<\/li>\n<\/ul>\n","protected":false},"excerpt":{"rendered":"<p>Cama Pink com estampa floral, com compos\u00ea de cores pink Tricoline por dentro Z\u00edper de fora a fora Todos os enchimentos s\u00e3o remov\u00edveis para lavagem Detalhe com babados em malha Laise de fora a fora Fundo com tecido imperme\u00e1vel!Frete: Pedidos com cama frete fica sujeito a consulta posterior ao pedido, neste caso, entraremos em contato [&hellip;]<\/p>\n","protected":false},"featured_media":8681,"comment_status":"open","ping_status":"closed","template":"","meta":{"site-sidebar-layout":"default","site-content-layout":"","ast-site-content-layout":"default","site-content-style":"default","site-sidebar-style":"default","ast-global-header-display":"","ast-banner-title-visibility":"","ast-main-header-display":"","ast-hfb-above-header-display":"","ast-hfb-below-header-display":"","ast-hfb-mobile-header-display":"","site-post-title":"","ast-breadcrumbs-content":"","ast-featured-img":"","footer-sml-layout":"","theme-transparent-header-meta":"default","adv-header-id-meta":"","stick-header-meta":"","header-above-stick-meta":"","header-main-stick-meta":"","header-below-stick-meta":"","astra-migrate-meta-layouts":"set","ast-page-background-enabled":"default","ast-page-background-meta":{"desktop":{"background-color":"var(--ast-global-color-4)","background-image":"","background-repeat":"repeat","background-position":"center center","background-size":"auto","background-attachment":"scroll","background-type":"","background-media":"","overlay-type":"","overlay-color":"","overlay-opacity":"","overlay-gradient":""},"tablet":{"background-color":"","background-image":"","background-repeat":"repeat","background-position":"center center","background-size":"auto","background-attachment":"scroll","background-type":"","background-media":"","overlay-type":"","overlay-color":"","overlay-opacity":"","overlay-gradient":""},"mobile":{"background-color":"","background-image":"","background-repeat":"repeat","background-position":"center center","background-size":"auto","background-attachment":"scroll","background-type":"","background-media":"","overlay-type":"","overlay-color":"","overlay-opacity":"","overlay-gradient":""}},"ast-content-background-meta":{"desktop":{"background-color":"var(--ast-global-color-5)","background-image":"","background-repeat":"repeat","background-position":"center center","background-size":"auto","background-attachment":"scroll","background-type":"","background-media":"","overlay-type":"","overlay-color":"","overlay-opacity":"","overlay-gradient":""},"tablet":{"background-color":"var(--ast-global-color-5)","background-image":"","background-repeat":"repeat","background-position":"center center","background-size":"auto","background-attachment":"scroll","background-type":"","background-media":"","overlay-type":"","overlay-color":"","overlay-opacity":"","overlay-gradient":""},"mobile":{"background-color":"var(--ast-global-color-5)","background-image":"","background-repeat":"repeat","background-position":"center center","background-size":"auto","background-attachment":"scroll","background-type":"","background-media":"","overlay-type":"","overlay-color":"","overlay-opacity":"","overlay-gradient":""}}},"product_brand":[],"product_cat":[407,411,477,457],"product_tag":[436],"class_list":{"0":"post-5232","1":"product","2":"type-product","3":"status-publish","4":"has-post-thumbnail","6":"product_cat-acessorios","7":"product_cat-camas","8":"product_cat-femea","9":"product_cat-todos-os-produtos","10":"product_tag-camas","11":"desktop-align-left","12":"tablet-align-left","13":"mobile-align-left","15":"first","16":"instock","17":"shipping-taxable","18":"product-type-variable"},"pp_statuses_selecting_workflow":false,"pp_workflow_action":"current","pp_status_selection":"publish","aioseo_notices":[],"_links":{"self":[{"href":"https:\/\/malloo.com.br\/atacado\/wp-json\/wp\/v2\/product\/5232","targetHints":{"allow":["GET"]}}],"collection":[{"href":"https:\/\/malloo.com.br\/atacado\/wp-json\/wp\/v2\/product"}],"about":[{"href":"https:\/\/malloo.com.br\/atacado\/wp-json\/wp\/v2\/types\/product"}],"replies":[{"embeddable":true,"href":"https:\/\/malloo.com.br\/atacado\/wp-json\/wp\/v2\/comments?post=5232"}],"version-history":[{"count":0,"href":"https:\/\/malloo.com.br\/atacado\/wp-json\/wp\/v2\/product\/5232\/revisions"}],"wp:featuredmedia":[{"embeddable":true,"href":"https:\/\/malloo.com.br\/atacado\/wp-json\/wp\/v2\/media\/8681"}],"wp:attachment":[{"href":"https:\/\/malloo.com.br\/atacado\/wp-json\/wp\/v2\/media?parent=5232"}],"wp:term":[{"taxonomy":"product_brand","embeddable":true,"href":"https:\/\/malloo.com.br\/atacado\/wp-json\/wp\/v2\/product_brand?post=5232"},{"taxonomy":"product_cat","embeddable":true,"href":"https:\/\/malloo.com.br\/atacado\/wp-json\/wp\/v2\/product_cat?post=5232"},{"taxonomy":"product_tag","embeddable":true,"href":"https:\/\/malloo.com.br\/atacado\/wp-json\/wp\/v2\/product_tag?post=5232"}],"curies":[{"name":"wp","href":"https:\/\/api.w.org\/{rel}","templated":true}]}}