{"id":5239,"date":"2024-03-20T17:38:23","date_gmt":"2024-03-20T17:38:23","guid":{"rendered":"https:\/\/malloo.com.br\/atacado\/?post_type=product&#038;p=5239"},"modified":"2025-09-11T10:34:54","modified_gmt":"2025-09-11T10:34:54","slug":"cama-amore-di-sicilia","status":"publish","type":"product","link":"https:\/\/malloo.com.br\/atacado\/produto\/cama-amore-di-sicilia\/","title":{"rendered":"Cama Amore Di Sic\u00edlia"},"content":{"rendered":"<ul>\n<li>Cama com compos\u00ea de cores chic em marinho, super Unissex!<\/li>\n<li>Detalhe riqu\u00edssimo em aviamento cord\u00e3o com fios dourados!<\/li>\n<li>Tecido: Tricoline com fundo em tecido imperme\u00e1vel!<\/li>\n<li>Z\u00edper de fora a fora<\/li>\n<li>Todos os enchimentos s\u00e3o remov\u00edveis para lavagem<\/li>\n<\/ul>\n<p>Frete: Pedidos com cama frete fica sujeito a consulta posterior ao pedido, neste caso, entraremos em contato via Whats App se houver altera\u00e7\u00f5es<\/p>\n","protected":false},"excerpt":{"rendered":"<p>Cama com compos\u00ea de cores chic em marinho, super Unissex! Detalhe riqu\u00edssimo em aviamento cord\u00e3o com fios dourados! Tecido: Tricoline com fundo em tecido imperme\u00e1vel! Z\u00edper de fora a fora Todos os enchimentos s\u00e3o remov\u00edveis para lavagem Frete: Pedidos com cama frete fica sujeito a consulta posterior ao pedido, neste caso, entraremos em contato via [&hellip;]<\/p>\n","protected":false},"featured_media":8679,"comment_status":"open","ping_status":"closed","template":"","meta":{"site-sidebar-layout":"default","site-content-layout":"","ast-site-content-layout":"default","site-content-style":"default","site-sidebar-style":"default","ast-global-header-display":"","ast-banner-title-visibility":"","ast-main-header-display":"","ast-hfb-above-header-display":"","ast-hfb-below-header-display":"","ast-hfb-mobile-header-display":"","site-post-title":"","ast-breadcrumbs-content":"","ast-featured-img":"","footer-sml-layout":"","theme-transparent-header-meta":"default","adv-header-id-meta":"","stick-header-meta":"","header-above-stick-meta":"","header-main-stick-meta":"","header-below-stick-meta":"","astra-migrate-meta-layouts":"set","ast-page-background-enabled":"default","ast-page-background-meta":{"desktop":{"background-color":"var(--ast-global-color-4)","background-image":"","background-repeat":"repeat","background-position":"center center","background-size":"auto","background-attachment":"scroll","background-type":"","background-media":"","overlay-type":"","overlay-color":"","overlay-opacity":"","overlay-gradient":""},"tablet":{"background-color":"","background-image":"","background-repeat":"repeat","background-position":"center center","background-size":"auto","background-attachment":"scroll","background-type":"","background-media":"","overlay-type":"","overlay-color":"","overlay-opacity":"","overlay-gradient":""},"mobile":{"background-color":"","background-image":"","background-repeat":"repeat","background-position":"center center","background-size":"auto","background-attachment":"scroll","background-type":"","background-media":"","overlay-type":"","overlay-color":"","overlay-opacity":"","overlay-gradient":""}},"ast-content-background-meta":{"desktop":{"background-color":"var(--ast-global-color-5)","background-image":"","background-repeat":"repeat","background-position":"center center","background-size":"auto","background-attachment":"scroll","background-type":"","background-media":"","overlay-type":"","overlay-color":"","overlay-opacity":"","overlay-gradient":""},"tablet":{"background-color":"var(--ast-global-color-5)","background-image":"","background-repeat":"repeat","background-position":"center center","background-size":"auto","background-attachment":"scroll","background-type":"","background-media":"","overlay-type":"","overlay-color":"","overlay-opacity":"","overlay-gradient":""},"mobile":{"background-color":"var(--ast-global-color-5)","background-image":"","background-repeat":"repeat","background-position":"center center","background-size":"auto","background-attachment":"scroll","background-type":"","background-media":"","overlay-type":"","overlay-color":"","overlay-opacity":"","overlay-gradient":""}}},"product_brand":[],"product_cat":[407,411,457],"product_tag":[436],"class_list":{"0":"post-5239","1":"product","2":"type-product","3":"status-publish","4":"has-post-thumbnail","6":"product_cat-acessorios","7":"product_cat-camas","8":"product_cat-todos-os-produtos","9":"product_tag-camas","10":"desktop-align-left","11":"tablet-align-left","12":"mobile-align-left","14":"first","15":"instock","16":"shipping-taxable","17":"purchasable","18":"product-type-variable"},"pp_statuses_selecting_workflow":false,"pp_workflow_action":"current","pp_status_selection":"publish","aioseo_notices":[],"_links":{"self":[{"href":"https:\/\/malloo.com.br\/atacado\/wp-json\/wp\/v2\/product\/5239","targetHints":{"allow":["GET"]}}],"collection":[{"href":"https:\/\/malloo.com.br\/atacado\/wp-json\/wp\/v2\/product"}],"about":[{"href":"https:\/\/malloo.com.br\/atacado\/wp-json\/wp\/v2\/types\/product"}],"replies":[{"embeddable":true,"href":"https:\/\/malloo.com.br\/atacado\/wp-json\/wp\/v2\/comments?post=5239"}],"version-history":[{"count":0,"href":"https:\/\/malloo.com.br\/atacado\/wp-json\/wp\/v2\/product\/5239\/revisions"}],"wp:featuredmedia":[{"embeddable":true,"href":"https:\/\/malloo.com.br\/atacado\/wp-json\/wp\/v2\/media\/8679"}],"wp:attachment":[{"href":"https:\/\/malloo.com.br\/atacado\/wp-json\/wp\/v2\/media?parent=5239"}],"wp:term":[{"taxonomy":"product_brand","embeddable":true,"href":"https:\/\/malloo.com.br\/atacado\/wp-json\/wp\/v2\/product_brand?post=5239"},{"taxonomy":"product_cat","embeddable":true,"href":"https:\/\/malloo.com.br\/atacado\/wp-json\/wp\/v2\/product_cat?post=5239"},{"taxonomy":"product_tag","embeddable":true,"href":"https:\/\/malloo.com.br\/atacado\/wp-json\/wp\/v2\/product_tag?post=5239"}],"curies":[{"name":"wp","href":"https:\/\/api.w.org\/{rel}","templated":true}]}}