{"id":9014,"date":"2025-01-22T23:37:20","date_gmt":"2025-01-22T23:37:20","guid":{"rendered":"https:\/\/malloo.com.br\/atacado\/produto\/gola-luxo-palhacinho-turquesa\/"},"modified":"2026-01-29T16:56:52","modified_gmt":"2026-01-29T16:56:52","slug":"gola-luxo-palhacinho-turquesa","status":"publish","type":"product","link":"https:\/\/malloo.com.br\/atacado\/produto\/gola-luxo-palhacinho-turquesa\/","title":{"rendered":"Gola Luxo Palhacinho &#8211; TURQUESA"},"content":{"rendered":"<p>&#8211; Tecido em fil\u00f3 neon<\/p>\n<p>&#8211; Com quatro camadas de tecido<\/p>\n<p>&#8211; Apliques de bolinhas e Chaton colado \u00e0 pe\u00e7a<\/p>\n<p>&#8211; La\u00e7o em paet\u00ea colado \u00e1 pe\u00e7a<\/p>\n<p>&#8211; Fita de regulagem no pesco\u00e7o<\/p>\n<p>&#8211; Todo acabamento da gola foi pensado para n\u00e3o incomodar o pet ao brincar fantasiado<\/p>\n<p>&#8211; Usar sob supervis\u00e3o do tutor, pois cont\u00e9m pequenos apliques na fantasia<\/p>\n","protected":false},"excerpt":{"rendered":"<p>&#8211; Tecido em fil\u00f3 neon<\/p>\n<p>&#8211; Com quatro camadas de tecido<\/p>\n<p>&#8211; Apliques de bolinhas e Chaton colado \u00e0 pe\u00e7a<\/p>\n<p>&#8211; La\u00e7o em paet\u00ea colado \u00e1 pe\u00e7a<\/p>\n<p>&#8211; Fita de regulagem no pesco\u00e7o<\/p>\n<p>&#8211; Todo acabamento da gola foi pensado para n\u00e3o incomodar o pet ao brincar fantasiado<\/p>\n<p>&#8211; Usar sob supervis\u00e3o do tutor, pois cont\u00e9m pequenos apliques na fantasia<\/p>\n","protected":false},"featured_media":9491,"comment_status":"open","ping_status":"closed","template":"","meta":{"site-sidebar-layout":"default","site-content-layout":"","ast-site-content-layout":"default","site-content-style":"default","site-sidebar-style":"default","ast-global-header-display":"","ast-banner-title-visibility":"","ast-main-header-display":"","ast-hfb-above-header-display":"","ast-hfb-below-header-display":"","ast-hfb-mobile-header-display":"","site-post-title":"","ast-breadcrumbs-content":"","ast-featured-img":"","footer-sml-layout":"","theme-transparent-header-meta":"default","adv-header-id-meta":"","stick-header-meta":"","header-above-stick-meta":"","header-main-stick-meta":"","header-below-stick-meta":"","astra-migrate-meta-layouts":"set","ast-page-background-enabled":"default","ast-page-background-meta":{"desktop":{"background-color":"var(--ast-global-color-4)","background-image":"","background-repeat":"repeat","background-position":"center center","background-size":"auto","background-attachment":"scroll","background-type":"","background-media":"","overlay-type":"","overlay-color":"","overlay-opacity":"","overlay-gradient":""},"tablet":{"background-color":"","background-image":"","background-repeat":"repeat","background-position":"center center","background-size":"auto","background-attachment":"scroll","background-type":"","background-media":"","overlay-type":"","overlay-color":"","overlay-opacity":"","overlay-gradient":""},"mobile":{"background-color":"","background-image":"","background-repeat":"repeat","background-position":"center center","background-size":"auto","background-attachment":"scroll","background-type":"","background-media":"","overlay-type":"","overlay-color":"","overlay-opacity":"","overlay-gradient":""}},"ast-content-background-meta":{"desktop":{"background-color":"var(--ast-global-color-5)","background-image":"","background-repeat":"repeat","background-position":"center center","background-size":"auto","background-attachment":"scroll","background-type":"","background-media":"","overlay-type":"","overlay-color":"","overlay-opacity":"","overlay-gradient":""},"tablet":{"background-color":"var(--ast-global-color-5)","background-image":"","background-repeat":"repeat","background-position":"center center","background-size":"auto","background-attachment":"scroll","background-type":"","background-media":"","overlay-type":"","overlay-color":"","overlay-opacity":"","overlay-gradient":""},"mobile":{"background-color":"var(--ast-global-color-5)","background-image":"","background-repeat":"repeat","background-position":"center center","background-size":"auto","background-attachment":"scroll","background-type":"","background-media":"","overlay-type":"","overlay-color":"","overlay-opacity":"","overlay-gradient":""}}},"product_brand":[],"product_cat":[469],"product_tag":[440,441],"class_list":{"0":"post-9014","1":"product","2":"type-product","3":"status-publish","4":"has-post-thumbnail","6":"product_cat-roupas","7":"product_tag-fantasias","8":"product_tag-lancamentos","9":"desktop-align-left","10":"tablet-align-left","11":"mobile-align-left","13":"first","14":"instock","15":"shipping-taxable","16":"purchasable","17":"product-type-variable"},"pp_statuses_selecting_workflow":false,"pp_workflow_action":"current","pp_status_selection":"publish","aioseo_notices":[],"_links":{"self":[{"href":"https:\/\/malloo.com.br\/atacado\/wp-json\/wp\/v2\/product\/9014","targetHints":{"allow":["GET"]}}],"collection":[{"href":"https:\/\/malloo.com.br\/atacado\/wp-json\/wp\/v2\/product"}],"about":[{"href":"https:\/\/malloo.com.br\/atacado\/wp-json\/wp\/v2\/types\/product"}],"replies":[{"embeddable":true,"href":"https:\/\/malloo.com.br\/atacado\/wp-json\/wp\/v2\/comments?post=9014"}],"version-history":[{"count":0,"href":"https:\/\/malloo.com.br\/atacado\/wp-json\/wp\/v2\/product\/9014\/revisions"}],"wp:featuredmedia":[{"embeddable":true,"href":"https:\/\/malloo.com.br\/atacado\/wp-json\/wp\/v2\/media\/9491"}],"wp:attachment":[{"href":"https:\/\/malloo.com.br\/atacado\/wp-json\/wp\/v2\/media?parent=9014"}],"wp:term":[{"taxonomy":"product_brand","embeddable":true,"href":"https:\/\/malloo.com.br\/atacado\/wp-json\/wp\/v2\/product_brand?post=9014"},{"taxonomy":"product_cat","embeddable":true,"href":"https:\/\/malloo.com.br\/atacado\/wp-json\/wp\/v2\/product_cat?post=9014"},{"taxonomy":"product_tag","embeddable":true,"href":"https:\/\/malloo.com.br\/atacado\/wp-json\/wp\/v2\/product_tag?post=9014"}],"curies":[{"name":"wp","href":"https:\/\/api.w.org\/{rel}","templated":true}]}}