{"id":9057,"date":"2025-01-23T00:01:47","date_gmt":"2025-01-23T00:01:47","guid":{"rendered":"https:\/\/malloo.com.br\/atacado\/produto\/chapeu-cata-ovo-miky\/"},"modified":"2025-11-21T18:46:05","modified_gmt":"2025-11-21T18:46:05","slug":"chapeu-cata-ovo-miky","status":"publish","type":"product","link":"https:\/\/malloo.com.br\/atacado\/produto\/chapeu-cata-ovo-miky\/","title":{"rendered":"Chap\u00e9u Cata-Ovo Miky"},"content":{"rendered":"<p>&#8211; Chap\u00e9u modelo cata-ovo &#8211; exclusividade Malloo &#8211;<\/p>\n<p>&#8211; abertura nas laterais para passar orelhinhas<\/p>\n<p>&#8211; Ajuste com cord\u00e3o nas abas do chap\u00e9u<\/p>\n<p>&#8211; El\u00e1stico para prender embaixo da cabe\u00e7a do pet<\/p>\n<p>&#8211; Cord\u00e3o para amarrar e ajustar na cabe\u00e7a do pet<\/p>\n<p>&#8211; Aplique miky metalizado costurado a pe\u00e7a<\/p>\n<p>&#8211; Aten\u00e7\u00e3o: N\u00c3O EXPOR O PET AO SOL E ALTAS TEMPERATURAS MESMO COM ROUPAS<\/p>\n","protected":false},"excerpt":{"rendered":"<p>&#8211; Chap\u00e9u modelo cata-ovo &#8211; exclusividade Malloo &#8211;<\/p>\n<p>&#8211; abertura nas laterais para passar orelhinhas<\/p>\n<p>&#8211; Ajuste com cord\u00e3o nas abas do chap\u00e9u<\/p>\n<p>&#8211; El\u00e1stico para prender embaixo da cabe\u00e7a do pet<\/p>\n<p>&#8211; Cord\u00e3o para amarrar e ajustar na cabe\u00e7a do pet<\/p>\n<p>&#8211; Aplique miky metalizado costurado a pe\u00e7a<\/p>\n<p>&#8211; Aten\u00e7\u00e3o: N\u00c3O EXPOR O PET AO SOL E ALTAS TEMPERATURAS MESMO COM ROUPAS<\/p>\n","protected":false},"featured_media":9536,"comment_status":"open","ping_status":"closed","template":"","meta":{"site-sidebar-layout":"default","site-content-layout":"","ast-site-content-layout":"default","site-content-style":"default","site-sidebar-style":"default","ast-global-header-display":"","ast-banner-title-visibility":"","ast-main-header-display":"","ast-hfb-above-header-display":"","ast-hfb-below-header-display":"","ast-hfb-mobile-header-display":"","site-post-title":"","ast-breadcrumbs-content":"","ast-featured-img":"","footer-sml-layout":"","theme-transparent-header-meta":"default","adv-header-id-meta":"","stick-header-meta":"","header-above-stick-meta":"","header-main-stick-meta":"","header-below-stick-meta":"","astra-migrate-meta-layouts":"set","ast-page-background-enabled":"default","ast-page-background-meta":{"desktop":{"background-color":"var(--ast-global-color-4)","background-image":"","background-repeat":"repeat","background-position":"center center","background-size":"auto","background-attachment":"scroll","background-type":"","background-media":"","overlay-type":"","overlay-color":"","overlay-opacity":"","overlay-gradient":""},"tablet":{"background-color":"","background-image":"","background-repeat":"repeat","background-position":"center center","background-size":"auto","background-attachment":"scroll","background-type":"","background-media":"","overlay-type":"","overlay-color":"","overlay-opacity":"","overlay-gradient":""},"mobile":{"background-color":"","background-image":"","background-repeat":"repeat","background-position":"center center","background-size":"auto","background-attachment":"scroll","background-type":"","background-media":"","overlay-type":"","overlay-color":"","overlay-opacity":"","overlay-gradient":""}},"ast-content-background-meta":{"desktop":{"background-color":"var(--ast-global-color-5)","background-image":"","background-repeat":"repeat","background-position":"center center","background-size":"auto","background-attachment":"scroll","background-type":"","background-media":"","overlay-type":"","overlay-color":"","overlay-opacity":"","overlay-gradient":""},"tablet":{"background-color":"var(--ast-global-color-5)","background-image":"","background-repeat":"repeat","background-position":"center center","background-size":"auto","background-attachment":"scroll","background-type":"","background-media":"","overlay-type":"","overlay-color":"","overlay-opacity":"","overlay-gradient":""},"mobile":{"background-color":"var(--ast-global-color-5)","background-image":"","background-repeat":"repeat","background-position":"center center","background-size":"auto","background-attachment":"scroll","background-type":"","background-media":"","overlay-type":"","overlay-color":"","overlay-opacity":"","overlay-gradient":""}}},"product_brand":[],"product_cat":[469],"product_tag":[440,441],"class_list":{"0":"post-9057","1":"product","2":"type-product","3":"status-publish","4":"has-post-thumbnail","6":"product_cat-roupas","7":"product_tag-fantasias","8":"product_tag-lancamentos","9":"desktop-align-left","10":"tablet-align-left","11":"mobile-align-left","13":"first","14":"instock","15":"shipping-taxable","16":"purchasable","17":"product-type-variable"},"pp_statuses_selecting_workflow":false,"pp_workflow_action":"current","pp_status_selection":"publish","aioseo_notices":[],"_links":{"self":[{"href":"https:\/\/malloo.com.br\/atacado\/wp-json\/wp\/v2\/product\/9057","targetHints":{"allow":["GET"]}}],"collection":[{"href":"https:\/\/malloo.com.br\/atacado\/wp-json\/wp\/v2\/product"}],"about":[{"href":"https:\/\/malloo.com.br\/atacado\/wp-json\/wp\/v2\/types\/product"}],"replies":[{"embeddable":true,"href":"https:\/\/malloo.com.br\/atacado\/wp-json\/wp\/v2\/comments?post=9057"}],"version-history":[{"count":0,"href":"https:\/\/malloo.com.br\/atacado\/wp-json\/wp\/v2\/product\/9057\/revisions"}],"wp:featuredmedia":[{"embeddable":true,"href":"https:\/\/malloo.com.br\/atacado\/wp-json\/wp\/v2\/media\/9536"}],"wp:attachment":[{"href":"https:\/\/malloo.com.br\/atacado\/wp-json\/wp\/v2\/media?parent=9057"}],"wp:term":[{"taxonomy":"product_brand","embeddable":true,"href":"https:\/\/malloo.com.br\/atacado\/wp-json\/wp\/v2\/product_brand?post=9057"},{"taxonomy":"product_cat","embeddable":true,"href":"https:\/\/malloo.com.br\/atacado\/wp-json\/wp\/v2\/product_cat?post=9057"},{"taxonomy":"product_tag","embeddable":true,"href":"https:\/\/malloo.com.br\/atacado\/wp-json\/wp\/v2\/product_tag?post=9057"}],"curies":[{"name":"wp","href":"https:\/\/api.w.org\/{rel}","templated":true}]}}